{"id":12196,"date":"2024-11-06T01:26:51","date_gmt":"2024-11-06T00:26:51","guid":{"rendered":"https:\/\/www.psicologo-strizzacervelli.it\/farmacia\/apt\/profolan\/"},"modified":"2025-09-03T22:36:58","modified_gmt":"2025-09-03T21:36:58","slug":"profolan","status":"publish","type":"product","link":"https:\/\/www.casadellasaluteweb.it\/farmacia\/farmacia\/apt\/profolan\/","title":{"rendered":"Profolan"},"content":{"rendered":"<h2 class=\"wp-block-heading\">Che cos&#8217;\u00e8 il Profolan e come funziona?<\/h2>\n\n\n<p><b>Profolan<\/b> \u00e8 un <b>integratore alimentare<\/b> specializzato nella lotta alla caduta dei capelli. La sua <em>azione<\/em> si basa sull&#8217;apporto all&#8217;organismo di nutrienti chiave che favoriscono la <b>salute dei capelli<\/b>. Profolan <b>contiene<\/b> vitamine e minerali che hanno un effetto positivo sullo stato dei capelli e sulla loro crescita.<\/p>\n\n\n<p>La vitamina B7, nota come biotina, svolge un ruolo importante nella crescita dei capelli. Non solo contribuisce a rafforzarli, ma ne migliora anche la struttura. Lo zinco, altro ingrediente di Profolan, \u00e8 essenziale per mantenere il normale metabolismo cellulare. Inoltre, la vitamina D favorisce la rigenerazione dei follicoli piliferi, contribuendo al loro migliore funzionamento.<\/p>\n\n\n<p>Come <em>integratore alimentare<\/em> <b>contro la caduta dei capelli<\/b>, Profolan rafforza i follicoli piliferi, determinando una crescita pi\u00f9 forte dei capelli. L <b>&#8216;uso<\/b> regolare <b>di<\/b> questo integratore permette di eliminare i problemi di perdita cronica dei capelli, cosa che far\u00e0 sicuramente piacere a molte persone che lottano contro questo fenomeno.<\/p>\n\n\n<figure class=\"wp-block-table\"><table class=\"has-fixed-layout\"><tbody><tr><th>Componente<\/th><th>Ruolo in azione<\/th><\/tr><tr><td>Biotina<\/td><td>Promuove la <b>crescita<\/b> sana <b>dei capelli<\/b><\/td><\/tr><tr><td>Zinco<\/td><td>Mantiene il normale metabolismo cellulare<\/td><\/tr><tr><td>Vitamina D<\/td><td>Favorisce la rigenerazione dei follicoli piliferi<\/td><\/tr><\/tbody><\/table><\/figure>\n\n\n<h2 class=\"wp-block-heading\">Effetti dell&#8217;utilizzo di Profolan<\/h2>\n\n\n<p>L<b>&#8216;uso di<\/b> Profolan, un integratore alimentare affidabile, produce <b>risultati<\/b> notevoli in termini di salute dei capelli. <b>Gli utilizzatori<\/b> descrivono spesso un miglioramento delle condizioni dei capelli, che diventano pi\u00f9 spessi e lucenti. Gli <b>effetti<\/b> osservati dopo alcune settimane di utilizzo comprendono anche i primi segni di crescita dei capelli, un passo importante nella lotta contro la caduta.<\/p>\n\n\n<p>Il rafforzamento della struttura del capello e il netto miglioramento della qualit\u00e0 dei capelli costituiscono una base migliore per un&#8217;ulteriore crescita. L <b>&#8216;integratore alimentare<\/b> Profolan non solo sostiene i capelli, ma influisce anche sulla salute del cuoio capelluto. Spesso si nota una riduzione del problema della forfora, che favorisce un ambiente favorevole alla crescita dei capelli.<\/p>\n\n\n<p>Tuttavia, \u00e8 bene tenere presente che gli <b>effetti<\/b> possono variare a seconda della predisposizione dell&#8217;organismo. La regolarit\u00e0 dell&#8217;uso e il rispetto delle raccomandazioni sul dosaggio sono fondamentali per ottenere i migliori risultati.<\/p>\n\n\n<h2 class=\"wp-block-heading\">Dosaggio del Profolan &#8211; Come si usa?<\/h2>\n\n\n<p>La <b>dose<\/b> raccomandata <b>di<\/b> Profolan \u00e8 di solito una capsula al giorno. Deve essere assunto con un bicchiere d&#8217;acqua, che ne facilita l&#8217;assorbimento. L <b>&#8216;uso<\/b> regolare dell&#8217;integratore alimentare \u00e8 fondamentale per ottenere gli effetti desiderati.<\/p>\n\n\n<p>Si consiglia di assumere Profolan a un&#8217;ora fissa della giornata, per garantire un assorbimento ottimale dei principi attivi. L&#8217;integratore deve essere assunto per un minimo di tre mesi per vedere risultati visibili. L&#8217;assunzione sistematica contribuisce alla sua efficacia.<\/p>\n\n\n<p>Le persone che soffrono di condizioni mediche croniche o che assumono altri farmaci devono consultare il proprio medico prima di iniziare l&#8217;assunzione di Profolan. Questo approccio garantisce la sicurezza e previene potenziali interazioni.<\/p>\n\n\n<h2 class=\"wp-block-heading\">Profolan recensioni &#8211; Cosa dicono gli utenti nei forum?<\/h2>\n\n\n<p><b>Le recensioni<\/b> su Profolan sono per lo pi\u00f9 positive. <b>Gli utenti<\/b> dei forum condividono spesso le loro esperienze con questo integratore alimentare. Molte persone hanno notato un miglioramento significativo della qualit\u00e0 dei loro capelli. Anne, 34 anni, riferisce che dopo un mese di utilizzo di Profolan, la densit\u00e0 dei capelli sulla sua testa \u00e8 aumentata in modo significativo. Il suo entusiasmo sottolinea l&#8217;importanza che questo prodotto ha assunto nella sua cura quotidiana dei capelli.<\/p>\n\n\n<p>Michael, 28 anni, ritiene che Profolan abbia inibito efficacemente il processo di alopecia androgenetica. La sua opinione \u00e8 degna di nota perch\u00e9 gli uomini spesso affrontano questo problema in giovane et\u00e0. Era alla ricerca di una soluzione efficace e l&#8217;ha trovata in questo integratore.<\/p>\n\n\n<p>Kasia, 45 anni, non vede solo un miglioramento dell&#8217;aspetto dei suoi capelli, ma anche un miglioramento generale del suo benessere. Su un <b>forum<\/b> racconta che l&#8217;uso regolare di Profolan le ha portato molti benefici. <b>Gli utenti di<\/b> questi forum condividono spesso le loro esperienze, che li incoraggiano a iniziare il trattamento con questo prodotto. Questo <b>feedback<\/b> dimostra l&#8217;importanza del sostegno nella lotta per la salute dei capelli.<\/p>\n\n\n<h2 class=\"wp-block-heading\">Profolan &#8211; Composizione &#8211; Analisi degli ingredienti<\/h2>\n\n\n<p>Profolan \u00e8 un integratore alimentare che contiene una <b>composizione<\/b> accuratamente selezionata per favorire la <b>salute<\/b> e la condizione <b>dei capelli<\/b>. Tra gli ingredienti chiave figurano la biotina, lo zinco, la vitamina D e il selenio, tutti elementi che svolgono un ruolo importante nel mantenimento di capelli sani. La biotina, nota come vitamina H, appartiene al gruppo delle vitamine B e favorisce la rigenerazione e la <b>crescita dei capelli<\/b>. Lo zinco, invece, favorisce i processi di costruzione delle cellule, essenziale nella lotta contro la caduta dei capelli.<\/p>\n\n\n<p>La vitamina D ha un impatto significativo sul ciclo di crescita e sulla salute dei capelli. Livelli adeguati di questa vitamina si traducono in una migliore condizione e densit\u00e0 dei capelli. Un altro ingrediente importante di Profolan \u00e8 l&#8217;estratto di palma sabal, noto per le sue propriet\u00e0 antinfiammatorie, che favorisce ulteriormente la lotta contro la caduta dei capelli. L <b>&#8216;analisi degli ingredienti di<\/b> Profolan indica la loro <b>azione<\/b> sinergica a sostegno dei naturali processi rigenerativi dell&#8217;organismo.<\/p>\n\n\n<p>Oltre agli ingredienti elencati, Profolan contiene anche altri principi attivi che favoriscono la <b>salute dei capelli<\/b>. Tali basi rendono questo prodotto sempre pi\u00f9 popolare tra coloro che cercano un supporto efficace per la cura dei capelli. Qualunque siano le vostre esigenze, Profolan fornisce sostanze essenziali e micronutrienti che contribuiscono a migliorare lo stato dei vostri capelli.<\/p>\n\n\n<h2 class=\"wp-block-heading\">Prezzo del Profolan &#8211; Dove si compra?<\/h2>\n\n\n<p>Profolan \u00e8 un integratore alimentare che sta diventando sempre pi\u00f9 popolare in Polonia. Per acquistare questo prodotto, utilizzare le opzioni disponibili sul sito ufficiale del produttore. Questo garantisce non solo l&#8217;originalit\u00e0 del preparato, ma anche la sicurezza della transazione.<\/p>\n\n\n<p><b>Il prezzo di<\/b> Profolan pu\u00f2 variare a seconda delle promozioni in corso, che vengono regolarmente aggiornate sul sito. Al momento dell&#8217;acquisto, vale la pena di esaminare i vari pacchetti che possono far risparmiare a lungo termine. Vale la pena di notare che Profolan non \u00e8 disponibile nelle farmacie fisse o nei supermercati. \u00c8 quindi fondamentale sapere <b>dove acquistare<\/b> questo prodotto per assicurarsi di ottenere un prodotto di alta qualit\u00e0. Acquistare direttamente dal produttore ufficiale \u00e8 l&#8217;opzione migliore per chi cerca soluzioni efficaci nella lotta contro la caduta dei capelli.<\/p>\n\n\n<h2 class=\"wp-block-heading\">Profolan &#8211; Potenziali effetti collaterali e controindicazioni all&#8217;uso<\/h2>\n\n\n<p>Il Profolan \u00e8 generalmente considerato un integratore alimentare sicuro per sostenere la lotta contro la caduta dei capelli. Tuttavia, come ogni prodotto, pu\u00f2 causare alcuni <b>effetti collaterali<\/b>. Le reazioni pi\u00f9 comunemente segnalate sono le allergie agli ingredienti della formula, che possono provocare irritazioni o fastidi alla pelle. \u00c8 quindi importante che tutti gli utenti, soprattutto quelli con pelle sensibile, leggano attentamente l&#8217;etichetta del prodotto.<\/p>\n\n\n<p>Le persone affette da patologie croniche e quelle che assumono altri farmaci devono consultare il proprio medico prima di iniziare l&#8217;integrazione di Profolan. \u00c8 importante comprendere le potenziali controindicazioni che possono influire sulla sicurezza di questo integratore alimentare. Il vostro medico pu\u00f2 aiutarvi a valutare se Profolan \u00e8 adatto a voi, tenendo conto della vostra salute e del vostro stile di vita.<\/p>\n\n\n<p>Inoltre, \u00e8 consigliabile che i bambini e le donne in gravidanza non utilizzino Profolan. Questo gruppo \u00e8 particolarmente sensibile agli <b>effetti degli<\/b> integratori alimentari e qualsiasi decisione sconsiderata pu\u00f2 portare a effetti collaterali indesiderati. \u00c8 sempre pi\u00f9 sicuro affidarsi al buon senso e al parere di un medico professionista.<\/p>\n","protected":false},"excerpt":{"rendered":"<p><strong>[date_countdown]<\/strong><\/p>\n<p><img decoding=\"async\" class=\"alignnone  wp-image-12574\" src=\"https:\/\/www.casadellasaluteweb.it\/farmacia\/wp-content\/uploads\/2024\/11\/SAFE-PAY-300x88-1.png\" alt=\"SAFE-PAY-300x88\" width=\"201\" height=\"59\" \/><\/p>\n","protected":false},"featured_media":12195,"comment_status":"open","ping_status":"closed","template":"","meta":{"neve_meta_sidebar":"","neve_meta_container":"","neve_meta_enable_content_width":"","neve_meta_content_width":0,"neve_meta_title_alignment":"","neve_meta_author_avatar":"","neve_post_elements_order":"","neve_meta_disable_header":"","neve_meta_disable_footer":"","neve_meta_disable_title":"","neve_meta_reading_time":""},"product_brand":[],"product_cat":[306],"product_tag":[],"class_list":{"0":"post-12196","1":"product","2":"type-product","3":"status-publish","4":"has-post-thumbnail","6":"product_cat-bellezza","8":"first","9":"instock","10":"sale","11":"shipping-taxable","12":"product-type-external"},"yoast_head":"<!-- This site is optimized with the Yoast SEO plugin v27.4 - https:\/\/yoast.com\/product\/yoast-seo-wordpress\/ -->\n<title>Profolan - Recensioni, Prezzo, Forum, Farmacia, Effetti | -50%<\/title>\n<meta name=\"robots\" content=\"index, follow, max-snippet:-1, max-image-preview:large, max-video-preview:-1\" \/>\n<link rel=\"canonical\" href=\"https:\/\/www.casadellasaluteweb.it\/farmacia\/farmacia\/apt\/profolan\/\" \/>\n<meta property=\"og:locale\" content=\"it_IT\" \/>\n<meta property=\"og:type\" content=\"article\" \/>\n<meta property=\"og:title\" content=\"Profolan - Recensioni, Prezzo, Forum, Farmacia, Effetti | -50%\" \/>\n<meta property=\"og:url\" content=\"https:\/\/www.casadellasaluteweb.it\/farmacia\/farmacia\/apt\/profolan\/\" \/>\n<meta property=\"og:site_name\" content=\"CSW by HuCare\" \/>\n<meta property=\"article:modified_time\" content=\"2025-09-03T21:36:58+00:00\" \/>\n<meta property=\"og:image\" content=\"https:\/\/www.casadellasaluteweb.it\/farmacia\/wp-content\/uploads\/2024\/11\/Profolan.jpg\" \/>\n\t<meta property=\"og:image:width\" content=\"768\" \/>\n\t<meta property=\"og:image:height\" content=\"768\" \/>\n\t<meta property=\"og:image:type\" content=\"image\/jpeg\" \/>\n<meta name=\"twitter:card\" content=\"summary_large_image\" \/>\n<meta name=\"twitter:description\" content=\"[date_countdown]\" \/>\n<meta name=\"twitter:label1\" content=\"Tempo di lettura stimato\" \/>\n\t<meta name=\"twitter:data1\" content=\"7 minuti\" \/>\n<script type=\"application\/ld+json\" class=\"yoast-schema-graph\">{\"@context\":\"https:\\\/\\\/schema.org\",\"@graph\":[{\"@type\":\"WebPage\",\"@id\":\"https:\\\/\\\/www.casadellasaluteweb.it\\\/farmacia\\\/farmacia\\\/apt\\\/profolan\\\/\",\"url\":\"https:\\\/\\\/www.casadellasaluteweb.it\\\/farmacia\\\/farmacia\\\/apt\\\/profolan\\\/\",\"name\":\"Profolan - Recensioni, Prezzo, Forum, Farmacia, Effetti | -50%\",\"isPartOf\":{\"@id\":\"https:\\\/\\\/www.casadellasaluteweb.it\\\/farmacia\\\/#website\"},\"primaryImageOfPage\":{\"@id\":\"https:\\\/\\\/www.casadellasaluteweb.it\\\/farmacia\\\/farmacia\\\/apt\\\/profolan\\\/#primaryimage\"},\"image\":{\"@id\":\"https:\\\/\\\/www.casadellasaluteweb.it\\\/farmacia\\\/farmacia\\\/apt\\\/profolan\\\/#primaryimage\"},\"thumbnailUrl\":\"https:\\\/\\\/www.casadellasaluteweb.it\\\/farmacia\\\/wp-content\\\/uploads\\\/2024\\\/11\\\/Profolan.jpg\",\"datePublished\":\"2024-11-06T00:26:51+00:00\",\"dateModified\":\"2025-09-03T21:36:58+00:00\",\"breadcrumb\":{\"@id\":\"https:\\\/\\\/www.casadellasaluteweb.it\\\/farmacia\\\/farmacia\\\/apt\\\/profolan\\\/#breadcrumb\"},\"inLanguage\":\"it-IT\",\"potentialAction\":[{\"@type\":\"ReadAction\",\"target\":[\"https:\\\/\\\/www.casadellasaluteweb.it\\\/farmacia\\\/farmacia\\\/apt\\\/profolan\\\/\"]}]},{\"@type\":\"ImageObject\",\"inLanguage\":\"it-IT\",\"@id\":\"https:\\\/\\\/www.casadellasaluteweb.it\\\/farmacia\\\/farmacia\\\/apt\\\/profolan\\\/#primaryimage\",\"url\":\"https:\\\/\\\/www.casadellasaluteweb.it\\\/farmacia\\\/wp-content\\\/uploads\\\/2024\\\/11\\\/Profolan.jpg\",\"contentUrl\":\"https:\\\/\\\/www.casadellasaluteweb.it\\\/farmacia\\\/wp-content\\\/uploads\\\/2024\\\/11\\\/Profolan.jpg\",\"width\":768,\"height\":768},{\"@type\":\"BreadcrumbList\",\"@id\":\"https:\\\/\\\/www.casadellasaluteweb.it\\\/farmacia\\\/farmacia\\\/apt\\\/profolan\\\/#breadcrumb\",\"itemListElement\":[{\"@type\":\"ListItem\",\"position\":1,\"name\":\"Strona g\u0142\u00f3wna\",\"item\":\"https:\\\/\\\/www.casadellasaluteweb.it\\\/farmacia\\\/\"},{\"@type\":\"ListItem\",\"position\":2,\"name\":\"Prodotti\",\"item\":\"https:\\\/\\\/www.casadellasaluteweb.it\\\/farmacia\\\/\"},{\"@type\":\"ListItem\",\"position\":3,\"name\":\"Profolan\"}]},{\"@type\":\"WebSite\",\"@id\":\"https:\\\/\\\/www.casadellasaluteweb.it\\\/farmacia\\\/#website\",\"url\":\"https:\\\/\\\/www.casadellasaluteweb.it\\\/farmacia\\\/\",\"name\":\"CSW by HuCare\",\"description\":\"\",\"potentialAction\":[{\"@type\":\"SearchAction\",\"target\":{\"@type\":\"EntryPoint\",\"urlTemplate\":\"https:\\\/\\\/www.casadellasaluteweb.it\\\/farmacia\\\/?s={search_term_string}\"},\"query-input\":{\"@type\":\"PropertyValueSpecification\",\"valueRequired\":true,\"valueName\":\"search_term_string\"}}],\"inLanguage\":\"it-IT\"}]}<\/script>\n<!-- \/ Yoast SEO plugin. -->","yoast_head_json":{"title":"Profolan - Recensioni, Prezzo, Forum, Farmacia, Effetti | -50%","robots":{"index":"index","follow":"follow","max-snippet":"max-snippet:-1","max-image-preview":"max-image-preview:large","max-video-preview":"max-video-preview:-1"},"canonical":"https:\/\/www.casadellasaluteweb.it\/farmacia\/farmacia\/apt\/profolan\/","og_locale":"it_IT","og_type":"article","og_title":"Profolan - Recensioni, Prezzo, Forum, Farmacia, Effetti | -50%","og_url":"https:\/\/www.casadellasaluteweb.it\/farmacia\/farmacia\/apt\/profolan\/","og_site_name":"CSW by HuCare","article_modified_time":"2025-09-03T21:36:58+00:00","og_image":[{"width":768,"height":768,"url":"https:\/\/www.casadellasaluteweb.it\/farmacia\/wp-content\/uploads\/2024\/11\/Profolan.jpg","type":"image\/jpeg"}],"twitter_card":"summary_large_image","twitter_description":"[date_countdown]","twitter_misc":{"Tempo di lettura stimato":"7 minuti"},"schema":{"@context":"https:\/\/schema.org","@graph":[{"@type":"WebPage","@id":"https:\/\/www.casadellasaluteweb.it\/farmacia\/farmacia\/apt\/profolan\/","url":"https:\/\/www.casadellasaluteweb.it\/farmacia\/farmacia\/apt\/profolan\/","name":"Profolan - Recensioni, Prezzo, Forum, Farmacia, Effetti | -50%","isPartOf":{"@id":"https:\/\/www.casadellasaluteweb.it\/farmacia\/#website"},"primaryImageOfPage":{"@id":"https:\/\/www.casadellasaluteweb.it\/farmacia\/farmacia\/apt\/profolan\/#primaryimage"},"image":{"@id":"https:\/\/www.casadellasaluteweb.it\/farmacia\/farmacia\/apt\/profolan\/#primaryimage"},"thumbnailUrl":"https:\/\/www.casadellasaluteweb.it\/farmacia\/wp-content\/uploads\/2024\/11\/Profolan.jpg","datePublished":"2024-11-06T00:26:51+00:00","dateModified":"2025-09-03T21:36:58+00:00","breadcrumb":{"@id":"https:\/\/www.casadellasaluteweb.it\/farmacia\/farmacia\/apt\/profolan\/#breadcrumb"},"inLanguage":"it-IT","potentialAction":[{"@type":"ReadAction","target":["https:\/\/www.casadellasaluteweb.it\/farmacia\/farmacia\/apt\/profolan\/"]}]},{"@type":"ImageObject","inLanguage":"it-IT","@id":"https:\/\/www.casadellasaluteweb.it\/farmacia\/farmacia\/apt\/profolan\/#primaryimage","url":"https:\/\/www.casadellasaluteweb.it\/farmacia\/wp-content\/uploads\/2024\/11\/Profolan.jpg","contentUrl":"https:\/\/www.casadellasaluteweb.it\/farmacia\/wp-content\/uploads\/2024\/11\/Profolan.jpg","width":768,"height":768},{"@type":"BreadcrumbList","@id":"https:\/\/www.casadellasaluteweb.it\/farmacia\/farmacia\/apt\/profolan\/#breadcrumb","itemListElement":[{"@type":"ListItem","position":1,"name":"Strona g\u0142\u00f3wna","item":"https:\/\/www.casadellasaluteweb.it\/farmacia\/"},{"@type":"ListItem","position":2,"name":"Prodotti","item":"https:\/\/www.casadellasaluteweb.it\/farmacia\/"},{"@type":"ListItem","position":3,"name":"Profolan"}]},{"@type":"WebSite","@id":"https:\/\/www.casadellasaluteweb.it\/farmacia\/#website","url":"https:\/\/www.casadellasaluteweb.it\/farmacia\/","name":"CSW by HuCare","description":"","potentialAction":[{"@type":"SearchAction","target":{"@type":"EntryPoint","urlTemplate":"https:\/\/www.casadellasaluteweb.it\/farmacia\/?s={search_term_string}"},"query-input":{"@type":"PropertyValueSpecification","valueRequired":true,"valueName":"search_term_string"}}],"inLanguage":"it-IT"}]}},"_links":{"self":[{"href":"https:\/\/www.casadellasaluteweb.it\/farmacia\/wp-json\/wp\/v2\/product\/12196","targetHints":{"allow":["GET"]}}],"collection":[{"href":"https:\/\/www.casadellasaluteweb.it\/farmacia\/wp-json\/wp\/v2\/product"}],"about":[{"href":"https:\/\/www.casadellasaluteweb.it\/farmacia\/wp-json\/wp\/v2\/types\/product"}],"replies":[{"embeddable":true,"href":"https:\/\/www.casadellasaluteweb.it\/farmacia\/wp-json\/wp\/v2\/comments?post=12196"}],"wp:featuredmedia":[{"embeddable":true,"href":"https:\/\/www.casadellasaluteweb.it\/farmacia\/wp-json\/wp\/v2\/media\/12195"}],"wp:attachment":[{"href":"https:\/\/www.casadellasaluteweb.it\/farmacia\/wp-json\/wp\/v2\/media?parent=12196"}],"wp:term":[{"taxonomy":"product_brand","embeddable":true,"href":"https:\/\/www.casadellasaluteweb.it\/farmacia\/wp-json\/wp\/v2\/product_brand?post=12196"},{"taxonomy":"product_cat","embeddable":true,"href":"https:\/\/www.casadellasaluteweb.it\/farmacia\/wp-json\/wp\/v2\/product_cat?post=12196"},{"taxonomy":"product_tag","embeddable":true,"href":"https:\/\/www.casadellasaluteweb.it\/farmacia\/wp-json\/wp\/v2\/product_tag?post=12196"}],"curies":[{"name":"wp","href":"https:\/\/api.w.org\/{rel}","templated":true}]}}